{"id":1930,"date":"2016-07-25T14:24:28","date_gmt":"2016-07-25T14:24:28","guid":{"rendered":"http:\/\/mythagos.com\/Galgos\/?page_id=1930"},"modified":"2017-09-10T14:58:06","modified_gmt":"2017-09-10T14:58:06","slug":"los-galgos","status":"publish","type":"page","link":"https:\/\/mythagos.com\/Galgos\/los-galgos\/","title":{"rendered":"Los Galgos"},"content":{"rendered":"<p><div class=\"fusion-fullwidth fullwidth-box fusion-builder-row-1 fusion-parallax-none hundred-percent-fullwidth non-hundred-percent-height-scrolling\" style=\"--awb-border-radius-top-left:0px;--awb-border-radius-top-right:0px;--awb-border-radius-bottom-right:0px;--awb-border-radius-bottom-left:0px;--awb-padding-top:300px;--awb-padding-bottom:300px;--awb-background-color:#c4c4c4;--awb-background-image:url(&quot;http:\/\/mythagos.com\/Galgos\/wp-content\/uploads\/2016\/07\/May002.jpg&quot;);--awb-background-size:cover;--awb-flex-wrap:wrap;\" ><div class=\"fusion-builder-row fusion-row\"><\/div><\/div><div class=\"fusion-fullwidth fullwidth-box fusion-builder-row-2 nonhundred-percent-fullwidth non-hundred-percent-height-scrolling\" style=\"--awb-border-radius-top-left:0px;--awb-border-radius-top-right:0px;--awb-border-radius-bottom-right:0px;--awb-border-radius-bottom-left:0px;--awb-padding-top:50px;--awb-padding-bottom:20px;--awb-flex-wrap:wrap;\" ><div class=\"fusion-builder-row fusion-row\"><div class=\"fusion-layout-column fusion_builder_column fusion-builder-column-0 fusion_builder_column_1_1 1_1 fusion-one-full fusion-column-first fusion-column-last\" style=\"--awb-bg-size:cover;\"><div class=\"fusion-column-wrapper fusion-flex-column-wrapper-legacy\"><div class=\"fusion-title title fusion-title-1 fusion-sep-none fusion-title-center fusion-title-text fusion-title-size-one\"><h1 class=\"fusion-title-heading title-heading-center\" style=\"margin:0;\"><p>Galgo espa\u00f1ol,<br \/>\nen febrero muere<\/p><\/h1><\/div><div class=\"fusion-clearfix\"><\/div><\/div><\/div><\/div><\/div><div class=\"fusion-fullwidth fullwidth-box fusion-builder-row-3 nonhundred-percent-fullwidth non-hundred-percent-height-scrolling fusion-equal-height-columns\" style=\"--awb-border-radius-top-left:0px;--awb-border-radius-top-right:0px;--awb-border-radius-bottom-right:0px;--awb-border-radius-bottom-left:0px;--awb-flex-wrap:wrap;\" ><div class=\"fusion-builder-row fusion-row\"><div class=\"fusion-layout-column fusion_builder_column fusion-builder-column-1 fusion_builder_column_1_2 1_2 fusion-one-half fusion-column-first\" style=\"--awb-padding-right:20px;--awb-padding-left:20px;--awb-bg-size:cover;width:50%;width:calc(50% - ( ( 4% ) * 0.5 ) );margin-right: 4%;\"><div class=\"fusion-column-wrapper fusion-flex-column-wrapper-legacy\"><div class=\"fusion-text fusion-text-1\"><p>El galgo es un animal con or\u00edgenes nobles y una larga historia. Sus or\u00edgenes est\u00e1n bastante claros, provienen de los lebreles egipcios, pero su llegada a Espa\u00f1a no est\u00e1 tan clara, pudo venir con los romanos o con\u00a0los celtas que ven\u00edan de las Galias, incluso que fueran los \u00e1rabes los que lo introdujeron. En cualquier caso en sus inicios era considerado como una posesi\u00f3n valiosa, de nobles y jeques. Pero poco a poco su cr\u00eda se fue extendiendo, era un animal perfecto para la caza y las familias m\u00e1s pobres los criaban para tener que comer.<\/p>\n<p>En la reconquista, cuando gran parte del centro de Espa\u00f1a fue deforestada por ganaderos y agricultores, la liebre se asienta en los terrenos de siembra y se cr\u00eda de forma intensiva. Es entonces cuando el Galgo y su caza de liebres comienza a tomar protagonismo.<\/p>\n<p>Lamentablemente la \u201ctradici\u00f3n\u201d de deshacerse de los animales al final de la temporada de caza proviene de esas \u00e9pocas, que por ser parte de nuestra historia no puede\u00a0adquirir ning\u00fan tipo de justificaci\u00f3n. Las familias que usaban los galgos como herramienta de caza para comer no pod\u00edan sustentar al animal una vez que \u00e9ste no pod\u00eda seguir cazando. Hoy d\u00eda los galgos que usan para el \u201cdeporte\u201d de la caza, que ya carece de cualquier tipo de justificaci\u00f3n de supervivencia, apenas se \u201cusan\u201d dos o tres a\u00f1os y son abandonados, matados, olvidados y torturados al final de cada temporada de caza. Pero ya no estamos en en esos tiempos y es hora de evolucionar.<\/p>\n<\/div><div class=\"fusion-clearfix\"><\/div><\/div><\/div><div class=\"fusion-layout-column fusion_builder_column fusion-builder-column-2 fusion_builder_column_1_2 1_2 fusion-one-half fusion-column-last\" style=\"--awb-padding-right:20px;--awb-padding-left:20px;--awb-bg-size:cover;width:50%;width:calc(50% - ( ( 4% ) * 0.5 ) );\"><div class=\"fusion-column-wrapper fusion-flex-column-wrapper-legacy\"><div class=\"fusion-text fusion-text-2\"><p>El Galgo o lebrel espa\u00f1ol\u00a0 puede ser de tres tipos, de pelo liso, de pelo largo y de pelo duro. El tipo de pelo largo es pr\u00e1cticamente inexistente ya. En realidad a lo largo de la historia se ha ido cruzando al galgo espa\u00f1ol con el irland\u00e9s, un animal m\u00e1s r\u00e1pido pero menos resistente.<\/p>\n<p>Hoy d\u00eda existe una cr\u00eda abusiva y descontrolada de galgos. Aun con la legislaci\u00f3n actual existente, escasa a todas luces, poco o nada se hace para controlar y penar a aquellos que cr\u00edan estos perros sin control, sin condiciones m\u00ednimas sanitarias en cobertizos y aliment\u00e1ndolos con restos de pan duro simplemente para verlos correr y matar liebres un par de a\u00f1os, sin darles el m\u00e1s m\u00ednimo valor, y una pizca de afecto.<\/p>\n<p>Desgraciadamente muy nuestro eso de arrebatar cualquier valor a aquello que nos ha ayudado a sobrevivir, a nuestras se\u00f1as de identidad, envuelto en esa incapacidad para evolucionar como sociedad.<\/p>\n<p>Los galgos son animales por lo general buenos y tranquilos, extremadamente cari\u00f1osos sin ser empalagosos. Explosivos en el juego y muy alegres. La mayor\u00eda de ellos, aun habiendo pasado por los que la mayor\u00eda pasa,\u00a0 son afables y les gusta estar con nosotros. Suelen ser miedosos y desconfiados, pero tienen sus razones, son siglos de maltrato, pero una vez llegas a ellos no se separar\u00e1n de ti.<\/p>\n<\/div><div class=\"fusion-clearfix\"><\/div><\/div><\/div><\/div><\/div><div class=\"fusion-fullwidth fullwidth-box fusion-builder-row-4 nonhundred-percent-fullwidth non-hundred-percent-height-scrolling\" style=\"--awb-border-radius-top-left:0px;--awb-border-radius-top-right:0px;--awb-border-radius-bottom-right:0px;--awb-border-radius-bottom-left:0px;--awb-flex-wrap:wrap;\" ><div class=\"fusion-builder-row fusion-row\"><div class=\"fusion-layout-column fusion_builder_column fusion-builder-column-3 fusion_builder_column_1_4 1_4 fusion-one-fourth fusion-column-first\" style=\"--awb-bg-size:cover;width:25%;width:calc(25% - ( ( 4% + 4% ) * 0.25 ) );margin-right: 4%;\"><div class=\"fusion-column-wrapper fusion-flex-column-wrapper-legacy\"><div class=\"fusion-clearfix\"><\/div><\/div><\/div><div class=\"fusion-layout-column fusion_builder_column fusion-builder-column-4 fusion_builder_column_1_2 1_2 fusion-one-half\" style=\"--awb-bg-size:cover;width:50%;width:calc(50% - ( ( 4% + 4% ) * 0.5 ) );margin-right: 4%;\"><div class=\"fusion-column-wrapper fusion-flex-column-wrapper-legacy\"><div class=\"fusion-image-element fusion-image-align-center in-legacy-container\" style=\"text-align:center;--awb-caption-title-font-family:var(--h2_typography-font-family);--awb-caption-title-font-weight:var(--h2_typography-font-weight);--awb-caption-title-font-style:var(--h2_typography-font-style);--awb-caption-title-size:var(--h2_typography-font-size);--awb-caption-title-transform:var(--h2_typography-text-transform);--awb-caption-title-line-height:var(--h2_typography-line-height);--awb-caption-title-letter-spacing:var(--h2_typography-letter-spacing);\"><div class=\"imageframe-align-center\"><span class=\" fusion-imageframe imageframe-none imageframe-1 hover-type-zoomin\"><img decoding=\"async\" width=\"400\" height=\"352\" title=\"ElenayGalgos001\" src=\"http:\/\/mythagos.com\/Galgos\/wp-content\/uploads\/2016\/07\/ElenayGalgos001.png\" alt class=\"img-responsive wp-image-2040\" srcset=\"https:\/\/mythagos.com\/Galgos\/wp-content\/uploads\/2016\/07\/ElenayGalgos001-300x264.png 300w, https:\/\/mythagos.com\/Galgos\/wp-content\/uploads\/2016\/07\/ElenayGalgos001.png 400w\" sizes=\"(max-width: 400px) 100vw, 400px\" \/><\/span><\/div><\/div><div class=\"fusion-clearfix\"><\/div><\/div><\/div><div class=\"fusion-layout-column fusion_builder_column fusion-builder-column-5 fusion_builder_column_1_4 1_4 fusion-one-fourth fusion-column-last\" style=\"--awb-bg-size:cover;width:25%;width:calc(25% - ( ( 4% + 4% ) * 0.25 ) );\"><div class=\"fusion-column-wrapper fusion-flex-column-wrapper-legacy\"><div class=\"fusion-clearfix\"><\/div><\/div><\/div><div class=\"fusion-layout-column fusion_builder_column fusion-builder-column-6 fusion_builder_column_1_1 1_1 fusion-one-full fusion-column-first fusion-column-last\" style=\"--awb-bg-size:cover;\"><div class=\"fusion-column-wrapper fusion-flex-column-wrapper-legacy\"><div class=\"fusion-image-element fusion-image-align-center in-legacy-container\" style=\"text-align:center;--awb-caption-title-font-family:var(--h2_typography-font-family);--awb-caption-title-font-weight:var(--h2_typography-font-weight);--awb-caption-title-font-style:var(--h2_typography-font-style);--awb-caption-title-size:var(--h2_typography-font-size);--awb-caption-title-transform:var(--h2_typography-text-transform);--awb-caption-title-line-height:var(--h2_typography-line-height);--awb-caption-title-letter-spacing:var(--h2_typography-letter-spacing);\"><div class=\"imageframe-align-center\"><span class=\" fusion-imageframe imageframe-none imageframe-2 hover-type-none\"><img decoding=\"async\" width=\"1827\" height=\"427\" alt=\"Datos de galgos abandonados\" title=\"infografia\" src=\"http:\/\/mythagos.com\/Galgos\/wp-content\/uploads\/2016\/08\/infografia-1.png\" class=\"img-responsive wp-image-2057\" srcset=\"https:\/\/mythagos.com\/Galgos\/wp-content\/uploads\/2016\/08\/infografia-1-300x70.png 300w, https:\/\/mythagos.com\/Galgos\/wp-content\/uploads\/2016\/08\/infografia-1-768x179.png 768w, https:\/\/mythagos.com\/Galgos\/wp-content\/uploads\/2016\/08\/infografia-1-1024x239.png 1024w, https:\/\/mythagos.com\/Galgos\/wp-content\/uploads\/2016\/08\/infografia-1.png 1827w\" sizes=\"(max-width: 1827px) 100vw, 1827px\" \/><\/span><\/div><\/div><div class=\"fusion-clearfix\"><\/div><\/div><\/div><div class=\"fusion-layout-column fusion_builder_column fusion-builder-column-7 fusion_builder_column_1_1 1_1 fusion-one-full fusion-column-first fusion-column-last\" style=\"--awb-bg-size:cover;\"><div class=\"fusion-column-wrapper fusion-flex-column-wrapper-legacy\"><div class=\"fusion-sep-clear\"><\/div><div class=\"fusion-separator fusion-full-width-sep\" style=\"margin-left: auto;margin-right: auto;margin-top:50px;width:100%;\"><\/div><div class=\"fusion-sep-clear\"><\/div><div class=\"fusion-clearfix\"><\/div><\/div><\/div><div class=\"fusion-layout-column fusion_builder_column fusion-builder-column-8 fusion_builder_column_1_4 1_4 fusion-one-fourth fusion-column-first\" style=\"--awb-bg-size:cover;width:25%;width:calc(25% - ( ( 4% + 4% ) * 0.25 ) );margin-right: 4%;\"><div class=\"fusion-column-wrapper fusion-flex-column-wrapper-legacy\"><div class=\"fusion-clearfix\"><\/div><\/div><\/div><div class=\"fusion-layout-column fusion_builder_column fusion-builder-column-9 fusion_builder_column_1_2 1_2 fusion-one-half\" style=\"--awb-bg-size:cover;width:50%;width:calc(50% - ( ( 4% + 4% ) * 0.5 ) );margin-right: 4%;\"><div class=\"fusion-column-wrapper fusion-flex-column-wrapper-legacy\"><div class=\"fusion-text fusion-text-3\"><p>\u00bfM\u00e1s informaci\u00f3n sobre los galgos? pod\u00e9is leer m\u00e1s en la p\u00e1gina de la protectora Scooby\u00a0<a href=\"http:\/\/www.scoobymedina.org\/es\/about_galgos\/index.html\" target=\"_blank\" rel=\"noopener\">Sobre los galgos<\/a>.<\/p>\n<p>Tambi\u00e9n ten\u00e9is la <a href=\"https:\/\/es.wikipedia.org\/wiki\/Galgo_espa\u00f1ol\">Wikipedia<\/a>\u00a0.<\/p>\n<p>Sobre los datos ofrecidos en al infograf\u00eda podes ir a <a href=\"http:\/\/www.fundacion-affinity.org\" target=\"_blank\" rel=\"noopener\">Fundaci\u00f3n Affinity<\/a> y a <a href=\"https:\/\/pacma.es\">PACMA<\/a><\/p>\n<\/div><div class=\"fusion-clearfix\"><\/div><\/div><\/div><div class=\"fusion-layout-column fusion_builder_column fusion-builder-column-10 fusion_builder_column_1_4 1_4 fusion-one-fourth fusion-column-last\" style=\"--awb-bg-size:cover;width:25%;width:calc(25% - ( ( 4% + 4% ) * 0.25 ) );\"><div class=\"fusion-column-wrapper fusion-flex-column-wrapper-legacy\"><div class=\"fusion-clearfix\"><\/div><\/div><\/div><\/div><\/div><\/p>","protected":false},"excerpt":{"rendered":"","protected":false},"author":1,"featured_media":0,"parent":0,"menu_order":0,"comment_status":"closed","ping_status":"closed","template":"100-width.php","meta":{"footnotes":""},"class_list":["post-1930","page","type-page","status-publish","hentry"],"yoast_head":"<!-- This site is optimized with the Yoast SEO plugin v25.2 - https:\/\/yoast.com\/wordpress\/plugins\/seo\/ -->\n<title>Los Galgos - Lapiceros<\/title>\n<meta name=\"robots\" content=\"index, follow, max-snippet:-1, max-image-preview:large, max-video-preview:-1\" \/>\n<link rel=\"canonical\" href=\"https:\/\/mythagos.com\/Galgos\/los-galgos\/\" \/>\n<meta property=\"og:locale\" content=\"es_ES\" \/>\n<meta property=\"og:type\" content=\"article\" \/>\n<meta property=\"og:title\" content=\"Los Galgos - Lapiceros\" \/>\n<meta property=\"og:url\" content=\"https:\/\/mythagos.com\/Galgos\/los-galgos\/\" \/>\n<meta property=\"og:site_name\" content=\"Lapiceros\" \/>\n<meta property=\"article:modified_time\" content=\"2017-09-10T14:58:06+00:00\" \/>\n<meta name=\"twitter:card\" content=\"summary_large_image\" \/>\n<meta name=\"twitter:label1\" content=\"Tiempo de lectura\" \/>\n\t<meta name=\"twitter:data1\" content=\"18 minutos\" \/>\n<script type=\"application\/ld+json\" class=\"yoast-schema-graph\">{\"@context\":\"https:\/\/schema.org\",\"@graph\":[{\"@type\":\"WebPage\",\"@id\":\"https:\/\/mythagos.com\/Galgos\/los-galgos\/\",\"url\":\"https:\/\/mythagos.com\/Galgos\/los-galgos\/\",\"name\":\"Los Galgos - Lapiceros\",\"isPartOf\":{\"@id\":\"http:\/\/mythagos.com\/Galgos\/en\/#website\"},\"datePublished\":\"2016-07-25T14:24:28+00:00\",\"dateModified\":\"2017-09-10T14:58:06+00:00\",\"breadcrumb\":{\"@id\":\"https:\/\/mythagos.com\/Galgos\/los-galgos\/#breadcrumb\"},\"inLanguage\":\"es\",\"potentialAction\":[{\"@type\":\"ReadAction\",\"target\":[\"https:\/\/mythagos.com\/Galgos\/los-galgos\/\"]}]},{\"@type\":\"BreadcrumbList\",\"@id\":\"https:\/\/mythagos.com\/Galgos\/los-galgos\/#breadcrumb\",\"itemListElement\":[{\"@type\":\"ListItem\",\"position\":1,\"name\":\"Portada\",\"item\":\"http:\/\/mythagos.com\/Galgos\/en\/\"},{\"@type\":\"ListItem\",\"position\":2,\"name\":\"Los Galgos\"}]},{\"@type\":\"WebSite\",\"@id\":\"http:\/\/mythagos.com\/Galgos\/en\/#website\",\"url\":\"http:\/\/mythagos.com\/Galgos\/en\/\",\"name\":\"Lapiceros\",\"description\":\"Lapiceros y Galgos\",\"potentialAction\":[{\"@type\":\"SearchAction\",\"target\":{\"@type\":\"EntryPoint\",\"urlTemplate\":\"http:\/\/mythagos.com\/Galgos\/en\/?s={search_term_string}\"},\"query-input\":{\"@type\":\"PropertyValueSpecification\",\"valueRequired\":true,\"valueName\":\"search_term_string\"}}],\"inLanguage\":\"es\"}]}<\/script>\n<!-- \/ Yoast SEO plugin. -->","yoast_head_json":{"title":"Los Galgos - Lapiceros","robots":{"index":"index","follow":"follow","max-snippet":"max-snippet:-1","max-image-preview":"max-image-preview:large","max-video-preview":"max-video-preview:-1"},"canonical":"https:\/\/mythagos.com\/Galgos\/los-galgos\/","og_locale":"es_ES","og_type":"article","og_title":"Los Galgos - Lapiceros","og_url":"https:\/\/mythagos.com\/Galgos\/los-galgos\/","og_site_name":"Lapiceros","article_modified_time":"2017-09-10T14:58:06+00:00","twitter_card":"summary_large_image","twitter_misc":{"Tiempo de lectura":"18 minutos"},"schema":{"@context":"https:\/\/schema.org","@graph":[{"@type":"WebPage","@id":"https:\/\/mythagos.com\/Galgos\/los-galgos\/","url":"https:\/\/mythagos.com\/Galgos\/los-galgos\/","name":"Los Galgos - Lapiceros","isPartOf":{"@id":"http:\/\/mythagos.com\/Galgos\/en\/#website"},"datePublished":"2016-07-25T14:24:28+00:00","dateModified":"2017-09-10T14:58:06+00:00","breadcrumb":{"@id":"https:\/\/mythagos.com\/Galgos\/los-galgos\/#breadcrumb"},"inLanguage":"es","potentialAction":[{"@type":"ReadAction","target":["https:\/\/mythagos.com\/Galgos\/los-galgos\/"]}]},{"@type":"BreadcrumbList","@id":"https:\/\/mythagos.com\/Galgos\/los-galgos\/#breadcrumb","itemListElement":[{"@type":"ListItem","position":1,"name":"Portada","item":"http:\/\/mythagos.com\/Galgos\/en\/"},{"@type":"ListItem","position":2,"name":"Los Galgos"}]},{"@type":"WebSite","@id":"http:\/\/mythagos.com\/Galgos\/en\/#website","url":"http:\/\/mythagos.com\/Galgos\/en\/","name":"Lapiceros","description":"Lapiceros y Galgos","potentialAction":[{"@type":"SearchAction","target":{"@type":"EntryPoint","urlTemplate":"http:\/\/mythagos.com\/Galgos\/en\/?s={search_term_string}"},"query-input":{"@type":"PropertyValueSpecification","valueRequired":true,"valueName":"search_term_string"}}],"inLanguage":"es"}]}},"_links":{"self":[{"href":"https:\/\/mythagos.com\/Galgos\/wp-json\/wp\/v2\/pages\/1930","targetHints":{"allow":["GET"]}}],"collection":[{"href":"https:\/\/mythagos.com\/Galgos\/wp-json\/wp\/v2\/pages"}],"about":[{"href":"https:\/\/mythagos.com\/Galgos\/wp-json\/wp\/v2\/types\/page"}],"author":[{"embeddable":true,"href":"https:\/\/mythagos.com\/Galgos\/wp-json\/wp\/v2\/users\/1"}],"replies":[{"embeddable":true,"href":"https:\/\/mythagos.com\/Galgos\/wp-json\/wp\/v2\/comments?post=1930"}],"version-history":[{"count":35,"href":"https:\/\/mythagos.com\/Galgos\/wp-json\/wp\/v2\/pages\/1930\/revisions"}],"predecessor-version":[{"id":2386,"href":"https:\/\/mythagos.com\/Galgos\/wp-json\/wp\/v2\/pages\/1930\/revisions\/2386"}],"wp:attachment":[{"href":"https:\/\/mythagos.com\/Galgos\/wp-json\/wp\/v2\/media?parent=1930"}],"curies":[{"name":"wp","href":"https:\/\/api.w.org\/{rel}","templated":true}]}}