{"id":1917,"date":"2016-07-25T10:15:24","date_gmt":"2016-07-25T10:15:24","guid":{"rendered":"http:\/\/mythagos.com\/Galgos\/?page_id=1917"},"modified":"2017-09-10T15:07:31","modified_gmt":"2017-09-10T15:07:31","slug":"historia-del-lapiz","status":"publish","type":"page","link":"https:\/\/mythagos.com\/Galgos\/historia-del-lapiz\/","title":{"rendered":"Historia del l\u00e1piz"},"content":{"rendered":"<p><div class=\"fusion-fullwidth fullwidth-box fusion-builder-row-1 fusion-parallax-none hundred-percent-fullwidth non-hundred-percent-height-scrolling\" style=\"--awb-border-radius-top-left:0px;--awb-border-radius-top-right:0px;--awb-border-radius-bottom-right:0px;--awb-border-radius-bottom-left:0px;--awb-padding-top:200px;--awb-padding-bottom:200px;--awb-background-color:#c4c4c4;--awb-background-image:url(&quot;http:\/\/mythagos.com\/Galgos\/wp-content\/uploads\/2016\/07\/Lapiceros_002.jpg&quot;);--awb-background-size:cover;--awb-flex-wrap:wrap;\" ><div class=\"fusion-builder-row fusion-row\"><\/div><\/div><div class=\"fusion-fullwidth fullwidth-box fusion-builder-row-2 nonhundred-percent-fullwidth non-hundred-percent-height-scrolling\" style=\"--awb-border-radius-top-left:0px;--awb-border-radius-top-right:0px;--awb-border-radius-bottom-right:0px;--awb-border-radius-bottom-left:0px;--awb-padding-top:50px;--awb-padding-bottom:20px;--awb-flex-wrap:wrap;\" ><div class=\"fusion-builder-row fusion-row\"><div class=\"fusion-layout-column fusion_builder_column fusion-builder-column-0 fusion_builder_column_1_1 1_1 fusion-one-full fusion-column-first fusion-column-last\" style=\"--awb-bg-size:cover;\"><div class=\"fusion-column-wrapper fusion-flex-column-wrapper-legacy\"><div class=\"fusion-title title fusion-title-1 fusion-sep-none fusion-title-center fusion-title-text fusion-title-size-two\"><h2 class=\"fusion-title-heading title-heading-center\" style=\"margin:0;\"><p>La fascinante historia<br \/>\ndel l\u00e1piz<\/p><\/h2><\/div><div class=\"fusion-text fusion-text-1\"><h4 style=\"text-align: center;\">El l\u00e1piz es un elemento tan com\u00fan, tan sencillo, tan franco que tiende a pasar desapercibido, es como un elemento residual, olvidado y menospreciado.<br \/>\nPero en realidad es un elemento \u00fanico, imprescindible y lleno de magia, un ejemplo de dise\u00f1o, funcionalidad, \u00a0sencillez y genialidad&#8230;<\/h4>\n<\/div><div class=\"fusion-clearfix\"><\/div><\/div><\/div><\/div><\/div><div class=\"fusion-fullwidth fullwidth-box fusion-builder-row-3 nonhundred-percent-fullwidth non-hundred-percent-height-scrolling fusion-equal-height-columns\" style=\"--awb-border-radius-top-left:0px;--awb-border-radius-top-right:0px;--awb-border-radius-bottom-right:0px;--awb-border-radius-bottom-left:0px;--awb-flex-wrap:wrap;\" ><div class=\"fusion-builder-row fusion-row\"><div class=\"fusion-layout-column fusion_builder_column fusion-builder-column-1 fusion_builder_column_1_2 1_2 fusion-one-half fusion-column-first\" style=\"--awb-padding-right:20px;--awb-padding-left:20px;--awb-bg-size:cover;width:50%;width:calc(50% - ( ( 4% ) * 0.5 ) );margin-right: 4%;\"><div class=\"fusion-column-wrapper fusion-flex-column-wrapper-legacy\"><div class=\"fusion-text fusion-text-2\"><div align=\"justify\">\n<p>El l\u00e1piz lleva con nosotros relativamente poco tiempo. Se puede decir que naci\u00f3 con la parafernalia propia de los grandes artilugios de magia cuando un rayo arranc\u00f3 un enorme roble en Borrowdale (Inglaterra) dejando al descubierto una beta de grafito puro, una piedra capaz de pintar. Primero se le us\u00f3 para marcar a las ovejas, como manchaba tanto se envolv\u00eda en cuerda o cuero. Ya antes se conoc\u00eda el grafito pero el que se extra\u00eda de esta mina era tan puro y s\u00f3lido, que permit\u00eda\u00a0cortarlo en barritas y manipular de formas que antes no se pod\u00eda. Lo llamaron \u201cplomo negro\u201d.<\/p>\n<p>Inglaterra mantuvo el monopolio hasta que en Alemania consiguieron desarrollar compuestos de grafito de calidad aceptable mezclando polvo de grafito con azufre y antimonio. En 1760 la compa\u00f1\u00eda Faber comenz\u00f3 su fabricaci\u00f3n a gran escala.<\/p>\n<p>El grafito se convirti\u00f3 en un elemento escaso y de valor estrat\u00e9gico por su aplicaci\u00f3n en el dibujo de moldes de armamento. A la Francia de Napole\u00f3n, por esos tiempo aislada del resto de Europa, le era muy dif\u00edcil conseguirlo as\u00ed que el ingeniero Nicholas Jacques Cont\u00e9 desarrollo su propio sistema cociendo una mezcla de polvo de grafito y arcilla, sistema que con algunas mejoras es a\u00fan el m\u00e1s utilizado.<\/p>\n<\/div>\n<p>Cuando este nuevo material, mucho m\u00e1s barato que el grafito puro, se recubri\u00f3 de madera de cedro para hacerlo m\u00e1s manejable nace nuestro actual l\u00e1piz. Ya s\u00f3lo quedaban algunos refinamientos, como darle forma hexagonal all\u00e1 por mediados de 1800.<\/p>\n<\/div><div class=\"fusion-clearfix\"><\/div><\/div><\/div><div class=\"fusion-layout-column fusion_builder_column fusion-builder-column-2 fusion_builder_column_1_2 1_2 fusion-one-half fusion-column-last\" style=\"--awb-padding-right:20px;--awb-padding-left:20px;--awb-bg-size:cover;width:50%;width:calc(50% - ( ( 4% ) * 0.5 ) );\"><div class=\"fusion-column-wrapper fusion-flex-column-wrapper-legacy\"><div class=\"fusion-text fusion-text-3\"><p>Los l\u00e1pices de colores se crean a partir de pigmentos,\u00a0resinas y aceites que le aportan diferentes consistencias y capacidades, pero en esencia el proceso de fabricaci\u00f3n poco var\u00eda del usado para los lapiceros de grafito.<\/p>\n<p>Menci\u00f3n aparte merece la goma de borrar, elemento inseparable del l\u00e1piz\u2026 \u00c9ste se pod\u00eda manejar sin problemas ni riesgos de manchas, pero sobre todo pod\u00eda borrarse, en un inicio con pan fresco, qui\u00e9n no lo ha usado alguna vez, y m\u00e1s tarde con caucho que se pudr\u00eda con facilidad. Hasta que lleg\u00f3 el proceso de vulcanizado del caucho y nac\u00eda la goma de borrar moderna.<\/p>\n<p>El l\u00e1piz parece ejemplificar el proceso de desarrollo y modernizaci\u00f3n que hemos tenido. Una herramienta que conecta los aspectos m\u00e1s tradicionales de nuestra cultura con la qu\u00edmica, la ingenier\u00eda y finalmente con la creaci\u00f3n art\u00edstica y la difusi\u00f3n del conocimiento. Pocas cosas han sido tan importantes en nuestra historia.<\/p>\n<p>Como cualquier otra t\u00e9cnica de realizaci\u00f3n art\u00edstica, el l\u00e1piz y el l\u00e1piz de color no es ni mejor ni m\u00e1s dificultosa que otras, no es ni debe ser considerada como menos \u201cnoble\u201d que los \u00f3leos, la acuarela o el acr\u00edlico. Simplemente es otra t\u00e9cnica, con sus peculiaridades y sus dificultades. Tendemos a entenderla como una t\u00e9cnica casi destinada para los garabateos de los ni\u00f1os, pero como queda claro con las obras que aqu\u00ed se muestran pueden dar para mucho m\u00e1s\u2026<\/p>\n<\/div><div class=\"fusion-clearfix\"><\/div><\/div><\/div><\/div><\/div><div class=\"fusion-fullwidth fullwidth-box fusion-builder-row-4 nonhundred-percent-fullwidth non-hundred-percent-height-scrolling\" style=\"--awb-border-radius-top-left:0px;--awb-border-radius-top-right:0px;--awb-border-radius-bottom-right:0px;--awb-border-radius-bottom-left:0px;--awb-flex-wrap:wrap;\" ><div class=\"fusion-builder-row fusion-row\"><div class=\"fusion-layout-column fusion_builder_column fusion-builder-column-3 fusion_builder_column_1_4 1_4 fusion-one-fourth fusion-column-first\" style=\"--awb-bg-size:cover;width:25%;width:calc(25% - ( ( 4% + 4% ) * 0.25 ) );margin-right: 4%;\"><div class=\"fusion-column-wrapper fusion-flex-column-wrapper-legacy\"><div class=\"fusion-clearfix\"><\/div><\/div><\/div><div class=\"fusion-layout-column fusion_builder_column fusion-builder-column-4 fusion_builder_column_1_2 1_2 fusion-one-half\" style=\"--awb-bg-size:cover;width:50%;width:calc(50% - ( ( 4% + 4% ) * 0.5 ) );margin-right: 4%;\"><div class=\"fusion-column-wrapper fusion-flex-column-wrapper-legacy\"><div class=\"fusion-image-element fusion-image-align-center in-legacy-container\" style=\"text-align:center;--awb-caption-title-font-family:var(--h2_typography-font-family);--awb-caption-title-font-weight:var(--h2_typography-font-weight);--awb-caption-title-font-style:var(--h2_typography-font-style);--awb-caption-title-size:var(--h2_typography-font-size);--awb-caption-title-transform:var(--h2_typography-text-transform);--awb-caption-title-line-height:var(--h2_typography-line-height);--awb-caption-title-letter-spacing:var(--h2_typography-letter-spacing);\"><div class=\"imageframe-align-center\"><span class=\" fusion-imageframe imageframe-none imageframe-1 hover-type-zoomin\"><img decoding=\"async\" width=\"300\" height=\"264\" title=\"Proceso008\" src=\"http:\/\/mythagos.com\/Galgos\/wp-content\/uploads\/2016\/07\/Proceso008.png\" alt class=\"img-responsive wp-image-2036\"\/><\/span><\/div><\/div><div class=\"fusion-clearfix\"><\/div><\/div><\/div><div class=\"fusion-layout-column fusion_builder_column fusion-builder-column-5 fusion_builder_column_1_4 1_4 fusion-one-fourth fusion-column-last\" style=\"--awb-bg-size:cover;width:25%;width:calc(25% - ( ( 4% + 4% ) * 0.25 ) );\"><div class=\"fusion-column-wrapper fusion-flex-column-wrapper-legacy\"><div class=\"fusion-clearfix\"><\/div><\/div><\/div><div class=\"fusion-layout-column fusion_builder_column fusion-builder-column-6 fusion_builder_column_1_1 1_1 fusion-one-full fusion-column-first fusion-column-last\" style=\"--awb-bg-size:cover;\"><div class=\"fusion-column-wrapper fusion-flex-column-wrapper-legacy\"><div class=\"fusion-sep-clear\"><\/div><div class=\"fusion-separator fusion-full-width-sep\" style=\"margin-left: auto;margin-right: auto;margin-top:50px;width:100%;\"><\/div><div class=\"fusion-sep-clear\"><\/div><div class=\"fusion-clearfix\"><\/div><\/div><\/div><div class=\"fusion-layout-column fusion_builder_column fusion-builder-column-7 fusion_builder_column_1_4 1_4 fusion-one-fourth fusion-column-first\" style=\"--awb-bg-size:cover;width:25%;width:calc(25% - ( ( 4% + 4% ) * 0.25 ) );margin-right: 4%;\"><div class=\"fusion-column-wrapper fusion-flex-column-wrapper-legacy\"><div class=\"fusion-clearfix\"><\/div><\/div><\/div><div class=\"fusion-layout-column fusion_builder_column fusion-builder-column-8 fusion_builder_column_1_2 1_2 fusion-one-half\" style=\"--awb-bg-size:cover;width:50%;width:calc(50% - ( ( 4% + 4% ) * 0.5 ) );margin-right: 4%;\"><div class=\"fusion-column-wrapper fusion-flex-column-wrapper-legacy\"><div class=\"fusion-text fusion-text-4\"><p>\u00bfM\u00e1s informaci\u00f3n sobre el l\u00e1piz? leeros el interesante art\u00edculo de \u00abLa exquisita complejidad del l\u00e1piz\u00bb de\u00a0\u00a0Sergio Parra en\u00a0<a href=\"http:\/\/www.yorokobu.es\/lapiz\/\" target=\"_blank\" rel=\"noopener\">www.yorokobu.es<\/a>.<\/p>\n<p>Tambi\u00e9n ten\u00e9is la <a href=\"https:\/\/es.wikipedia.org\/wiki\/L\u00e1piz\">Wikipedia<\/a>\u00a0o este curioso v\u00eddeo del <a href=\"https:\/\/www.youtube.com\/watch?v=dgSpz8aiP7c\">proceso de fabricaci\u00f3n de los l\u00e1pices de colores\u00a0Caran d&#8217;Ache<\/a>.<\/p>\n<p>&nbsp;<\/p>\n<\/div><div class=\"fusion-clearfix\"><\/div><\/div><\/div><div class=\"fusion-layout-column fusion_builder_column fusion-builder-column-9 fusion_builder_column_1_4 1_4 fusion-one-fourth fusion-column-last\" style=\"--awb-bg-size:cover;width:25%;width:calc(25% - ( ( 4% + 4% ) * 0.25 ) );\"><div class=\"fusion-column-wrapper fusion-flex-column-wrapper-legacy\"><div class=\"fusion-clearfix\"><\/div><\/div><\/div><\/div><\/div><\/p>","protected":false},"excerpt":{"rendered":"","protected":false},"author":1,"featured_media":0,"parent":0,"menu_order":0,"comment_status":"closed","ping_status":"closed","template":"100-width.php","meta":{"footnotes":""},"class_list":["post-1917","page","type-page","status-publish","hentry"],"yoast_head":"<!-- This site is optimized with the Yoast SEO plugin v25.2 - https:\/\/yoast.com\/wordpress\/plugins\/seo\/ -->\n<title>Historia del l\u00e1piz - Lapiceros<\/title>\n<meta name=\"description\" content=\"Historia del l\u00e1piz, un elemento com\u00fan que es ejemplo de genialidad. Creado por un rayo su historia es reciente y compleja.\" \/>\n<meta name=\"robots\" content=\"index, follow, max-snippet:-1, max-image-preview:large, max-video-preview:-1\" \/>\n<link rel=\"canonical\" href=\"https:\/\/mythagos.com\/Galgos\/historia-del-lapiz\/\" \/>\n<meta property=\"og:locale\" content=\"es_ES\" \/>\n<meta property=\"og:type\" content=\"article\" \/>\n<meta property=\"og:title\" content=\"Historia del l\u00e1piz - Lapiceros\" \/>\n<meta property=\"og:description\" content=\"Historia del l\u00e1piz, un elemento com\u00fan que es ejemplo de genialidad. Creado por un rayo su historia es reciente y compleja.\" \/>\n<meta property=\"og:url\" content=\"https:\/\/mythagos.com\/Galgos\/historia-del-lapiz\/\" \/>\n<meta property=\"og:site_name\" content=\"Lapiceros\" \/>\n<meta property=\"article:modified_time\" content=\"2017-09-10T15:07:31+00:00\" \/>\n<meta name=\"twitter:card\" content=\"summary_large_image\" \/>\n<meta name=\"twitter:label1\" content=\"Tiempo de lectura\" \/>\n\t<meta name=\"twitter:data1\" content=\"17 minutos\" \/>\n<script type=\"application\/ld+json\" class=\"yoast-schema-graph\">{\"@context\":\"https:\/\/schema.org\",\"@graph\":[{\"@type\":\"WebPage\",\"@id\":\"https:\/\/mythagos.com\/Galgos\/historia-del-lapiz\/\",\"url\":\"https:\/\/mythagos.com\/Galgos\/historia-del-lapiz\/\",\"name\":\"Historia del l\u00e1piz - Lapiceros\",\"isPartOf\":{\"@id\":\"http:\/\/mythagos.com\/Galgos\/en\/#website\"},\"datePublished\":\"2016-07-25T10:15:24+00:00\",\"dateModified\":\"2017-09-10T15:07:31+00:00\",\"description\":\"Historia del l\u00e1piz, un elemento com\u00fan que es ejemplo de genialidad. Creado por un rayo su historia es reciente y compleja.\",\"breadcrumb\":{\"@id\":\"https:\/\/mythagos.com\/Galgos\/historia-del-lapiz\/#breadcrumb\"},\"inLanguage\":\"es\",\"potentialAction\":[{\"@type\":\"ReadAction\",\"target\":[\"https:\/\/mythagos.com\/Galgos\/historia-del-lapiz\/\"]}]},{\"@type\":\"BreadcrumbList\",\"@id\":\"https:\/\/mythagos.com\/Galgos\/historia-del-lapiz\/#breadcrumb\",\"itemListElement\":[{\"@type\":\"ListItem\",\"position\":1,\"name\":\"Portada\",\"item\":\"http:\/\/mythagos.com\/Galgos\/en\/\"},{\"@type\":\"ListItem\",\"position\":2,\"name\":\"Historia del l\u00e1piz\"}]},{\"@type\":\"WebSite\",\"@id\":\"http:\/\/mythagos.com\/Galgos\/en\/#website\",\"url\":\"http:\/\/mythagos.com\/Galgos\/en\/\",\"name\":\"Lapiceros\",\"description\":\"Lapiceros y Galgos\",\"potentialAction\":[{\"@type\":\"SearchAction\",\"target\":{\"@type\":\"EntryPoint\",\"urlTemplate\":\"http:\/\/mythagos.com\/Galgos\/en\/?s={search_term_string}\"},\"query-input\":{\"@type\":\"PropertyValueSpecification\",\"valueRequired\":true,\"valueName\":\"search_term_string\"}}],\"inLanguage\":\"es\"}]}<\/script>\n<!-- \/ Yoast SEO plugin. -->","yoast_head_json":{"title":"Historia del l\u00e1piz - Lapiceros","description":"Historia del l\u00e1piz, un elemento com\u00fan que es ejemplo de genialidad. Creado por un rayo su historia es reciente y compleja.","robots":{"index":"index","follow":"follow","max-snippet":"max-snippet:-1","max-image-preview":"max-image-preview:large","max-video-preview":"max-video-preview:-1"},"canonical":"https:\/\/mythagos.com\/Galgos\/historia-del-lapiz\/","og_locale":"es_ES","og_type":"article","og_title":"Historia del l\u00e1piz - Lapiceros","og_description":"Historia del l\u00e1piz, un elemento com\u00fan que es ejemplo de genialidad. Creado por un rayo su historia es reciente y compleja.","og_url":"https:\/\/mythagos.com\/Galgos\/historia-del-lapiz\/","og_site_name":"Lapiceros","article_modified_time":"2017-09-10T15:07:31+00:00","twitter_card":"summary_large_image","twitter_misc":{"Tiempo de lectura":"17 minutos"},"schema":{"@context":"https:\/\/schema.org","@graph":[{"@type":"WebPage","@id":"https:\/\/mythagos.com\/Galgos\/historia-del-lapiz\/","url":"https:\/\/mythagos.com\/Galgos\/historia-del-lapiz\/","name":"Historia del l\u00e1piz - Lapiceros","isPartOf":{"@id":"http:\/\/mythagos.com\/Galgos\/en\/#website"},"datePublished":"2016-07-25T10:15:24+00:00","dateModified":"2017-09-10T15:07:31+00:00","description":"Historia del l\u00e1piz, un elemento com\u00fan que es ejemplo de genialidad. Creado por un rayo su historia es reciente y compleja.","breadcrumb":{"@id":"https:\/\/mythagos.com\/Galgos\/historia-del-lapiz\/#breadcrumb"},"inLanguage":"es","potentialAction":[{"@type":"ReadAction","target":["https:\/\/mythagos.com\/Galgos\/historia-del-lapiz\/"]}]},{"@type":"BreadcrumbList","@id":"https:\/\/mythagos.com\/Galgos\/historia-del-lapiz\/#breadcrumb","itemListElement":[{"@type":"ListItem","position":1,"name":"Portada","item":"http:\/\/mythagos.com\/Galgos\/en\/"},{"@type":"ListItem","position":2,"name":"Historia del l\u00e1piz"}]},{"@type":"WebSite","@id":"http:\/\/mythagos.com\/Galgos\/en\/#website","url":"http:\/\/mythagos.com\/Galgos\/en\/","name":"Lapiceros","description":"Lapiceros y Galgos","potentialAction":[{"@type":"SearchAction","target":{"@type":"EntryPoint","urlTemplate":"http:\/\/mythagos.com\/Galgos\/en\/?s={search_term_string}"},"query-input":{"@type":"PropertyValueSpecification","valueRequired":true,"valueName":"search_term_string"}}],"inLanguage":"es"}]}},"_links":{"self":[{"href":"https:\/\/mythagos.com\/Galgos\/wp-json\/wp\/v2\/pages\/1917","targetHints":{"allow":["GET"]}}],"collection":[{"href":"https:\/\/mythagos.com\/Galgos\/wp-json\/wp\/v2\/pages"}],"about":[{"href":"https:\/\/mythagos.com\/Galgos\/wp-json\/wp\/v2\/types\/page"}],"author":[{"embeddable":true,"href":"https:\/\/mythagos.com\/Galgos\/wp-json\/wp\/v2\/users\/1"}],"replies":[{"embeddable":true,"href":"https:\/\/mythagos.com\/Galgos\/wp-json\/wp\/v2\/comments?post=1917"}],"version-history":[{"count":31,"href":"https:\/\/mythagos.com\/Galgos\/wp-json\/wp\/v2\/pages\/1917\/revisions"}],"predecessor-version":[{"id":2391,"href":"https:\/\/mythagos.com\/Galgos\/wp-json\/wp\/v2\/pages\/1917\/revisions\/2391"}],"wp:attachment":[{"href":"https:\/\/mythagos.com\/Galgos\/wp-json\/wp\/v2\/media?parent=1917"}],"curies":[{"name":"wp","href":"https:\/\/api.w.org\/{rel}","templated":true}]}}