{"id":2535,"date":"2018-07-18T15:29:32","date_gmt":"2018-07-18T15:29:32","guid":{"rendered":"http:\/\/mythagos.com\/Galgos\/?page_id=2535"},"modified":"2020-11-24T13:41:00","modified_gmt":"2020-11-24T13:41:00","slug":"politica-de-privacidad","status":"publish","type":"page","link":"http:\/\/mythagos.com\/Galgos\/en\/politica-de-privacidad\/","title":{"rendered":"Privacy Policy"},"content":{"rendered":"<p><div class=\"fusion-fullwidth fullwidth-box fusion-builder-row-2 fusion-flex-container nonhundred-percent-fullwidth non-hundred-percent-height-scrolling\" style=\"--awb-border-radius-top-left:0px;--awb-border-radius-top-right:0px;--awb-border-radius-bottom-right:0px;--awb-border-radius-bottom-left:0px;--awb-flex-wrap:wrap;\" ><div class=\"fusion-builder-row fusion-row fusion-flex-align-items-flex-start fusion-flex-content-wrap\" style=\"max-width:1144px;margin-left: calc(-4% \/ 2 );margin-right: calc(-4% \/ 2 );\"><div class=\"fusion-layout-column fusion_builder_column fusion-builder-column-3 fusion_builder_column_1_5 1_5 fusion-flex-column\" style=\"--awb-bg-size:cover;--awb-width-large:20%;--awb-margin-top-large:0px;--awb-spacing-right-large:9.6%;--awb-margin-bottom-large:20px;--awb-spacing-left-large:9.6%;--awb-width-medium:100%;--awb-order-medium:0;--awb-spacing-right-medium:1.92%;--awb-spacing-left-medium:1.92%;--awb-width-small:100%;--awb-order-small:0;--awb-spacing-right-small:1.92%;--awb-spacing-left-small:1.92%;\"><div class=\"fusion-column-wrapper fusion-column-has-shadow fusion-flex-justify-content-flex-start fusion-content-layout-column\"><\/div><\/div><div class=\"fusion-layout-column fusion_builder_column fusion-builder-column-4 fusion_builder_column_3_5 3_5 fusion-flex-column\" style=\"--awb-bg-size:cover;--awb-width-large:60%;--awb-margin-top-large:0px;--awb-spacing-right-large:3.2%;--awb-margin-bottom-large:20px;--awb-spacing-left-large:3.2%;--awb-width-medium:100%;--awb-order-medium:0;--awb-spacing-right-medium:1.92%;--awb-spacing-left-medium:1.92%;--awb-width-small:100%;--awb-order-small:0;--awb-spacing-right-small:1.92%;--awb-spacing-left-small:1.92%;\"><div class=\"fusion-column-wrapper fusion-column-has-shadow fusion-flex-justify-content-flex-start fusion-content-layout-column\"><div class=\"fusion-text fusion-text-2\"><h2 style=\"--fontsize: 84; line-height: 1.4;\">Cl\u00e1usulas legales<\/h2>\n<p class=\"p1\">De conformidad con lo establecido en la normativa vigente en Protecci\u00f3n de Datos de Car\u00e1cter Personal, le informamos que sus datos ser\u00e1n incorporados al sistema de tratamiento titularidad de Mythagos Estudio, S.L. con CIF B85038859 y domicilio social sito en C\/ Fuenterroca 14, Collado Mediano, 28450 MADRID , con la finalidad de atender sus consultas. En cumplimiento con la normativa vigente, Mythagos Estudio, S.L. informa que los datos ser\u00e1n conservados durante el plazo estrictamente necesario para cumplir con los preceptos mencionados con anterioridad.<\/p>\n<p class=\"p1\">Le informamos que trataremos sus datos conforme a la existencia de su consentimiento.<\/p>\n<p class=\"p1\">Mythagos Estudio, S.L. informa que proceder\u00e1 a tratar los datos de manera l\u00edcita, leal, transparente, adecuada, pertinente, limitada, exacta y actualizada. Es por ello que Mythagos Estudio, S.L. se compromete a adoptar todas las medidas razonables para que estos se supriman o rectifiquen sin dilaci\u00f3n cuando sean inexactos.<\/p>\n<p class=\"p1\">De acuerdo con los derechos que le confiere la normativa vigente en materia de protecci\u00f3n de datos podr\u00e1 ejercer los derechos de acceso, rectificaci\u00f3n, limitaci\u00f3n de tratamiento, supresi\u00f3n, portabilidad y oposici\u00f3n al tratamiento de sus datos de car\u00e1cter personal as\u00ed como del consentimiento prestado para el tratamiento de los mismos, dirigiendo su petici\u00f3n a la direcci\u00f3n postal indicada m\u00e1s arriba o al correo electr\u00f3nico mythagos@mythagos.com.<\/p>\n<p class=\"p1\">A su vez, le informamos que puede contactar con el Delegado de Protecci\u00f3n de Datos, dirigi\u00e9ndose por escrito a la direcci\u00f3n de correo mythagos@mythagos.com o al tel\u00e9fono 918554146.<\/p>\n<p class=\"p1\">Le informamos que podr\u00e1 revocar en cualquier momento el consentimiento prestado mandando un correo electr\u00f3nico a la direcci\u00f3n mythagos@mythagos.com.<\/p>\n<p class=\"p1\">Podr\u00e1 dirigirse a la Autoridad de Control competente para presentar la reclamaci\u00f3n que considere oportuna.<\/p>\n<p class=\"p1\">El env\u00edo de estos datos implica la aceptaci\u00f3n de esta cl\u00e1usula.<\/p>\n<\/div><\/div><\/div><div class=\"fusion-layout-column fusion_builder_column fusion-builder-column-5 fusion_builder_column_1_5 1_5 fusion-flex-column\" style=\"--awb-bg-size:cover;--awb-width-large:20%;--awb-margin-top-large:0px;--awb-spacing-right-large:9.6%;--awb-margin-bottom-large:20px;--awb-spacing-left-large:9.6%;--awb-width-medium:100%;--awb-order-medium:0;--awb-spacing-right-medium:1.92%;--awb-spacing-left-medium:1.92%;--awb-width-small:100%;--awb-order-small:0;--awb-spacing-right-small:1.92%;--awb-spacing-left-small:1.92%;\"><div class=\"fusion-column-wrapper fusion-column-has-shadow fusion-flex-justify-content-flex-start fusion-content-layout-column\"><\/div><\/div><\/div><\/div><\/p>","protected":false},"excerpt":{"rendered":"","protected":false},"author":1,"featured_media":0,"parent":0,"menu_order":0,"comment_status":"closed","ping_status":"closed","template":"","meta":{"footnotes":""},"class_list":["post-2535","page","type-page","status-publish","hentry"],"yoast_head":"<!-- This site is optimized with the Yoast SEO plugin v25.2 - https:\/\/yoast.com\/wordpress\/plugins\/seo\/ -->\n<title>Privacy Policy - Lapiceros<\/title>\n<meta name=\"robots\" content=\"index, follow, max-snippet:-1, max-image-preview:large, max-video-preview:-1\" \/>\n<link rel=\"canonical\" href=\"http:\/\/mythagos.com\/Galgos\/politica-de-privacidad\/\" \/>\n<meta property=\"og:locale\" content=\"en_US\" \/>\n<meta property=\"og:type\" content=\"article\" \/>\n<meta property=\"og:title\" content=\"Privacy Policy - Lapiceros\" \/>\n<meta property=\"og:url\" content=\"http:\/\/mythagos.com\/Galgos\/politica-de-privacidad\/\" \/>\n<meta property=\"og:site_name\" content=\"Lapiceros\" \/>\n<meta property=\"article:modified_time\" content=\"2020-11-24T13:41:00+00:00\" \/>\n<meta name=\"twitter:card\" content=\"summary_large_image\" \/>\n<meta name=\"twitter:label1\" content=\"Est. reading time\" \/>\n\t<meta name=\"twitter:data1\" content=\"9 minutes\" \/>\n<script type=\"application\/ld+json\" class=\"yoast-schema-graph\">{\"@context\":\"https:\/\/schema.org\",\"@graph\":[{\"@type\":\"WebPage\",\"@id\":\"http:\/\/mythagos.com\/Galgos\/politica-de-privacidad\/\",\"url\":\"http:\/\/mythagos.com\/Galgos\/politica-de-privacidad\/\",\"name\":\"Privacy Policy - Lapiceros\",\"isPartOf\":{\"@id\":\"https:\/\/mythagos.com\/Galgos\/en\/#website\"},\"datePublished\":\"2018-07-18T15:29:32+00:00\",\"dateModified\":\"2020-11-24T13:41:00+00:00\",\"breadcrumb\":{\"@id\":\"http:\/\/mythagos.com\/Galgos\/politica-de-privacidad\/#breadcrumb\"},\"inLanguage\":\"en-US\",\"potentialAction\":[{\"@type\":\"ReadAction\",\"target\":[\"http:\/\/mythagos.com\/Galgos\/politica-de-privacidad\/\"]}]},{\"@type\":\"BreadcrumbList\",\"@id\":\"http:\/\/mythagos.com\/Galgos\/politica-de-privacidad\/#breadcrumb\",\"itemListElement\":[{\"@type\":\"ListItem\",\"position\":1,\"name\":\"Portada\",\"item\":\"https:\/\/mythagos.com\/Galgos\/en\/\"},{\"@type\":\"ListItem\",\"position\":2,\"name\":\"Pol\u00edtica de privacidad\"}]},{\"@type\":\"WebSite\",\"@id\":\"https:\/\/mythagos.com\/Galgos\/en\/#website\",\"url\":\"https:\/\/mythagos.com\/Galgos\/en\/\",\"name\":\"Lapiceros\",\"description\":\"Lapiceros y Galgos\",\"potentialAction\":[{\"@type\":\"SearchAction\",\"target\":{\"@type\":\"EntryPoint\",\"urlTemplate\":\"https:\/\/mythagos.com\/Galgos\/en\/?s={search_term_string}\"},\"query-input\":{\"@type\":\"PropertyValueSpecification\",\"valueRequired\":true,\"valueName\":\"search_term_string\"}}],\"inLanguage\":\"en-US\"}]}<\/script>\n<!-- \/ Yoast SEO plugin. -->","yoast_head_json":{"title":"Privacy Policy - Lapiceros","robots":{"index":"index","follow":"follow","max-snippet":"max-snippet:-1","max-image-preview":"max-image-preview:large","max-video-preview":"max-video-preview:-1"},"canonical":"http:\/\/mythagos.com\/Galgos\/politica-de-privacidad\/","og_locale":"en_US","og_type":"article","og_title":"Privacy Policy - Lapiceros","og_url":"http:\/\/mythagos.com\/Galgos\/politica-de-privacidad\/","og_site_name":"Lapiceros","article_modified_time":"2020-11-24T13:41:00+00:00","twitter_card":"summary_large_image","twitter_misc":{"Est. reading time":"9 minutes"},"schema":{"@context":"https:\/\/schema.org","@graph":[{"@type":"WebPage","@id":"http:\/\/mythagos.com\/Galgos\/politica-de-privacidad\/","url":"http:\/\/mythagos.com\/Galgos\/politica-de-privacidad\/","name":"Privacy Policy - Lapiceros","isPartOf":{"@id":"https:\/\/mythagos.com\/Galgos\/en\/#website"},"datePublished":"2018-07-18T15:29:32+00:00","dateModified":"2020-11-24T13:41:00+00:00","breadcrumb":{"@id":"http:\/\/mythagos.com\/Galgos\/politica-de-privacidad\/#breadcrumb"},"inLanguage":"en-US","potentialAction":[{"@type":"ReadAction","target":["http:\/\/mythagos.com\/Galgos\/politica-de-privacidad\/"]}]},{"@type":"BreadcrumbList","@id":"http:\/\/mythagos.com\/Galgos\/politica-de-privacidad\/#breadcrumb","itemListElement":[{"@type":"ListItem","position":1,"name":"Portada","item":"https:\/\/mythagos.com\/Galgos\/en\/"},{"@type":"ListItem","position":2,"name":"Pol\u00edtica de privacidad"}]},{"@type":"WebSite","@id":"https:\/\/mythagos.com\/Galgos\/en\/#website","url":"https:\/\/mythagos.com\/Galgos\/en\/","name":"Lapiceros","description":"Lapiceros y Galgos","potentialAction":[{"@type":"SearchAction","target":{"@type":"EntryPoint","urlTemplate":"https:\/\/mythagos.com\/Galgos\/en\/?s={search_term_string}"},"query-input":{"@type":"PropertyValueSpecification","valueRequired":true,"valueName":"search_term_string"}}],"inLanguage":"en-US"}]}},"_links":{"self":[{"href":"http:\/\/mythagos.com\/Galgos\/en\/wp-json\/wp\/v2\/pages\/2535","targetHints":{"allow":["GET"]}}],"collection":[{"href":"http:\/\/mythagos.com\/Galgos\/en\/wp-json\/wp\/v2\/pages"}],"about":[{"href":"http:\/\/mythagos.com\/Galgos\/en\/wp-json\/wp\/v2\/types\/page"}],"author":[{"embeddable":true,"href":"http:\/\/mythagos.com\/Galgos\/en\/wp-json\/wp\/v2\/users\/1"}],"replies":[{"embeddable":true,"href":"http:\/\/mythagos.com\/Galgos\/en\/wp-json\/wp\/v2\/comments?post=2535"}],"version-history":[{"count":2,"href":"http:\/\/mythagos.com\/Galgos\/en\/wp-json\/wp\/v2\/pages\/2535\/revisions"}],"predecessor-version":[{"id":2608,"href":"http:\/\/mythagos.com\/Galgos\/en\/wp-json\/wp\/v2\/pages\/2535\/revisions\/2608"}],"wp:attachment":[{"href":"http:\/\/mythagos.com\/Galgos\/en\/wp-json\/wp\/v2\/media?parent=2535"}],"curies":[{"name":"wp","href":"https:\/\/api.w.org\/{rel}","templated":true}]}}